{"id":13,"date":"2025-05-23T05:12:49","date_gmt":"2025-05-23T05:12:49","guid":{"rendered":"https:\/\/dev.mediadome.at\/eeg-neumarkt\/?page_id=13"},"modified":"2025-05-23T05:24:09","modified_gmt":"2025-05-23T05:24:09","slug":"home","status":"publish","type":"page","link":"https:\/\/eeg-neumarkt.at\/","title":{"rendered":"Home"},"content":{"rendered":"\t\t<div data-elementor-type=\"wp-page\" data-elementor-id=\"13\" class=\"elementor elementor-13\" data-elementor-post-type=\"page\">\n\t\t\t\t<div class=\"elementor-element elementor-element-46f41fb e-flex e-con-boxed e-con e-parent\" data-id=\"46f41fb\" data-element_type=\"container\">\n\t\t\t\t\t<div class=\"e-con-inner\">\n\t\t\t\t<div class=\"elementor-element elementor-element-a890506 elementor-widget elementor-widget-text-editor\" data-id=\"a890506\" data-element_type=\"widget\" data-widget_type=\"text-editor.default\">\n\t\t\t\t<div class=\"elementor-widget-container\">\n\t\t\t\t\t\t\t\t\t<h2>\ud83c\udf0d Werde Teil der Energiezukunft!<\/h2><p><strong>Die EEG Neumarkt macht dich zum aktiven Gestalter der nachhaltigen Energiezukunft.<\/strong> Profitiere finanziell, unterst\u00fctze die Region und setze ein Zeichen f\u00fcr Unabh\u00e4ngigkeit und Klimaschutz.<\/p><p>\u00a0<\/p><h3>\ud83d\udc49 <strong>Werde jetzt Mitglied der EEG Neumarkt \u2013 g\u00fcnstig, regional &amp; unabh\u00e4ngig!<\/strong><\/h3><p>Bei Fragen oder f\u00fcr deinen Einstieg an <a id=\"menur1uj\" class=\"fui-Link ___1q1shib f2hkw1w f3rmtva f1ewtqcl fyind8e f1k6fduh f1w7gpdv fk6fouc fjoy568 figsok6 f1s184ao f1mk8lai fnbmjn9 f1o700av f13mvf36 f1cmlufx f9n3di6 f1ids18y f1tx3yz7 f1deo86v f1eh06m1 f1iescvh fhgqx19 f1olyrje f1p93eir f1nev41a f1h8hb77 f1lqvz6u f10aw75t fsle3fq f17ae5zn\" title=\"mailto:info@eeg-neumarkt.at\" href=\"mailto:info@eeg-neumarkt.at\" target=\"_blank\" rel=\"noreferrer noopener\" aria-label=\"Link info@eeg-neumarkt.at\">info@eeg-neumarkt.at<\/a><\/p>\t\t\t\t\t\t\t\t<\/div>\n\t\t\t\t<\/div>\n\t\t\t\t<div class=\"elementor-element elementor-element-e5a11c0 elementor-align-center elementor-widget elementor-widget-button\" data-id=\"e5a11c0\" data-element_type=\"widget\" data-widget_type=\"button.default\">\n\t\t\t\t<div class=\"elementor-widget-container\">\n\t\t\t\t\t\t\t\t\t<div class=\"elementor-button-wrapper\">\n\t\t\t\t\t<a class=\"elementor-button elementor-button-link elementor-size-sm\" href=\"https:\/\/app.energiedigital.at\/projects\/581\/join\" target=\"_blank\">\n\t\t\t\t\t\t<span class=\"elementor-button-content-wrapper\">\n\t\t\t\t\t\t\t\t\t<span class=\"elementor-button-text\">jetzt Mitglied werden<\/span>\n\t\t\t\t\t<\/span>\n\t\t\t\t\t<\/a>\n\t\t\t\t<\/div>\n\t\t\t\t\t\t\t\t<\/div>\n\t\t\t\t<\/div>\n\t\t\t\t\t<\/div>\n\t\t\t\t<\/div>\n\t\t\t\t<\/div>\n\t\t","protected":false},"excerpt":{"rendered":"<p>\ud83c\udf0d Werde Teil der Energiezukunft! Die EEG Neumarkt macht dich zum aktiven Gestalter der nachhaltigen Energiezukunft. Profitiere finanziell, unterst\u00fctze die Region und setze ein Zeichen f\u00fcr Unabh\u00e4ngigkeit und Klimaschutz. \u00a0 \ud83d\udc49 Werde jetzt Mitglied der EEG Neumarkt \u2013 g\u00fcnstig, regional &amp; unabh\u00e4ngig! Bei Fragen oder f\u00fcr deinen Einstieg an info@eeg-neumarkt.at jetzt Mitglied werden<\/p>\n","protected":false},"author":1,"featured_media":0,"parent":0,"menu_order":0,"comment_status":"closed","ping_status":"closed","template":"","meta":{"footnotes":""},"class_list":["post-13","page","type-page","status-publish","hentry"],"_links":{"self":[{"href":"https:\/\/eeg-neumarkt.at\/index.php\/wp-json\/wp\/v2\/pages\/13","targetHints":{"allow":["GET"]}}],"collection":[{"href":"https:\/\/eeg-neumarkt.at\/index.php\/wp-json\/wp\/v2\/pages"}],"about":[{"href":"https:\/\/eeg-neumarkt.at\/index.php\/wp-json\/wp\/v2\/types\/page"}],"author":[{"embeddable":true,"href":"https:\/\/eeg-neumarkt.at\/index.php\/wp-json\/wp\/v2\/users\/1"}],"replies":[{"embeddable":true,"href":"https:\/\/eeg-neumarkt.at\/index.php\/wp-json\/wp\/v2\/comments?post=13"}],"version-history":[{"count":14,"href":"https:\/\/eeg-neumarkt.at\/index.php\/wp-json\/wp\/v2\/pages\/13\/revisions"}],"predecessor-version":[{"id":42,"href":"https:\/\/eeg-neumarkt.at\/index.php\/wp-json\/wp\/v2\/pages\/13\/revisions\/42"}],"wp:attachment":[{"href":"https:\/\/eeg-neumarkt.at\/index.php\/wp-json\/wp\/v2\/media?parent=13"}],"curies":[{"name":"wp","href":"https:\/\/api.w.org\/{rel}","templated":true}]}}